{"id":28,"date":"2020-02-01T23:14:33","date_gmt":"2020-02-01T23:14:33","guid":{"rendered":"https:\/\/newozono.ozonocolombia.com\/?page_id=28"},"modified":"2020-09-21T21:34:05","modified_gmt":"2020-09-21T21:34:05","slug":"somos","status":"publish","type":"page","link":"https:\/\/ozonodecolombia.com\/ozono\/somos\/","title":{"rendered":"Nosotros"},"content":{"rendered":"\t\t<div data-elementor-type=\"wp-page\" data-elementor-id=\"28\" class=\"elementor elementor-28\">\n\t\t\t\t\t\t<section class=\"elementor-section elementor-top-section elementor-element elementor-element-1c8beb1 elementor-section-full_width elementor-section-height-default elementor-section-height-default\" data-id=\"1c8beb1\" data-element_type=\"section\">\n\t\t\t\t\t\t<div class=\"elementor-container elementor-column-gap-default\">\n\t\t\t\t\t<div class=\"elementor-column elementor-col-100 elementor-top-column elementor-element elementor-element-c217d50\" data-id=\"c217d50\" data-element_type=\"column\">\n\t\t\t<div class=\"elementor-widget-wrap elementor-element-populated\">\n\t\t\t\t\t\t<div class=\"elementor-element elementor-element-b682d80 elementor-widget elementor-widget-image\" data-id=\"b682d80\" data-element_type=\"widget\" data-widget_type=\"image.default\">\n\t\t\t\t<div class=\"elementor-widget-container\">\n\t\t\t\t\t\t\t\t\t\t\t\t\t<img fetchpriority=\"high\" decoding=\"async\" width=\"1419\" height=\"425\" src=\"https:\/\/ozonodecolombia.com\/ozono\/wp-content\/uploads\/2020\/09\/Baner-1.jpg\" class=\"attachment-full size-full wp-image-207\" alt=\"\" srcset=\"https:\/\/ozonodecolombia.com\/ozono\/wp-content\/uploads\/2020\/09\/Baner-1.jpg 1419w, https:\/\/ozonodecolombia.com\/ozono\/wp-content\/uploads\/2020\/09\/Baner-1-300x90.jpg 300w, https:\/\/ozonodecolombia.com\/ozono\/wp-content\/uploads\/2020\/09\/Baner-1-1024x307.jpg 1024w, https:\/\/ozonodecolombia.com\/ozono\/wp-content\/uploads\/2020\/09\/Baner-1-768x230.jpg 768w\" sizes=\"(max-width: 1419px) 100vw, 1419px\" \/>\t\t\t\t\t\t\t\t\t\t\t\t\t<\/div>\n\t\t\t\t<\/div>\n\t\t\t\t\t<\/div>\n\t\t<\/div>\n\t\t\t\t\t<\/div>\n\t\t<\/section>\n\t\t\t\t<section class=\"elementor-section elementor-top-section elementor-element elementor-element-fce5a5d elementor-section-boxed elementor-section-height-default elementor-section-height-default\" data-id=\"fce5a5d\" data-element_type=\"section\">\n\t\t\t\t\t\t<div class=\"elementor-container elementor-column-gap-default\">\n\t\t\t\t\t<div class=\"elementor-column elementor-col-100 elementor-top-column elementor-element elementor-element-1606c39\" data-id=\"1606c39\" data-element_type=\"column\">\n\t\t\t<div class=\"elementor-widget-wrap elementor-element-populated\">\n\t\t\t\t\t\t<div class=\"elementor-element elementor-element-b7c2d94 elementor-widget elementor-widget-spacer\" data-id=\"b7c2d94\" data-element_type=\"widget\" data-widget_type=\"spacer.default\">\n\t\t\t\t<div class=\"elementor-widget-container\">\n\t\t\t\t\t<div class=\"elementor-spacer\">\n\t\t\t<div class=\"elementor-spacer-inner\"><\/div>\n\t\t<\/div>\n\t\t\t\t<\/div>\n\t\t\t\t<\/div>\n\t\t\t\t\t<\/div>\n\t\t<\/div>\n\t\t\t\t\t<\/div>\n\t\t<\/section>\n\t\t\t\t<section class=\"elementor-section elementor-top-section elementor-element elementor-element-6cc7959 elementor-section-boxed elementor-section-height-default elementor-section-height-default\" data-id=\"6cc7959\" data-element_type=\"section\">\n\t\t\t\t\t\t<div class=\"elementor-container elementor-column-gap-default\">\n\t\t\t\t\t<div class=\"elementor-column elementor-col-50 elementor-top-column elementor-element elementor-element-1a0dea8\" data-id=\"1a0dea8\" data-element_type=\"column\">\n\t\t\t<div class=\"elementor-widget-wrap elementor-element-populated\">\n\t\t\t\t\t\t<div class=\"elementor-element elementor-element-43a3104 elementor-widget elementor-widget-text-editor\" data-id=\"43a3104\" data-element_type=\"widget\" data-widget_type=\"text-editor.default\">\n\t\t\t\t<div class=\"elementor-widget-container\">\n\t\t\t\t\t\t\t<p><span>La empresa OZONO DE COLOMBIA, fue fundada en el a\u00f1o 1994 en la ciudad de Cali, (Valle del Cauca) por el Ingeniero M\u00e9dico Juan Carlos Casta\u00f1o Hern\u00e1ndez, quien despu\u00e9s de 15 a\u00f1os de estudios cient\u00edficos, cre\u00f3 y desarroll\u00f3 la pureza del ozono, al cual denomin\u00f3 OZONO M\u00c9DICO CL\u00cdNICO, con una tecnolog\u00eda \u00fanica en el mundo que se caracteriza por la efectividad y rapidez en los tiempos de respuesta, tanto en el manejo de diferentes patolog\u00edas como en sus aplicaciones en el \u00e1rea industrial. Debido a su pureza, el Ozono M\u00e9dico Cl\u00ednico posee propiedades especiales para la salud, las cuales se diferencian a las manejadas a trav\u00e9s de los dispositivos que se han venido utilizando en diferentes pa\u00edses, ya que estos producen un tipo de \u201cOzono Industrial\u201d.&nbsp;<\/span><\/p>\t\t\t\t\t\t<\/div>\n\t\t\t\t<\/div>\n\t\t\t\t\t<\/div>\n\t\t<\/div>\n\t\t\t\t<div class=\"elementor-column elementor-col-50 elementor-top-column elementor-element elementor-element-9b83cac\" data-id=\"9b83cac\" data-element_type=\"column\">\n\t\t\t<div class=\"elementor-widget-wrap elementor-element-populated\">\n\t\t\t\t\t\t<div class=\"elementor-element elementor-element-0a878b7 elementor-widget elementor-widget-image\" data-id=\"0a878b7\" data-element_type=\"widget\" data-widget_type=\"image.default\">\n\t\t\t\t<div class=\"elementor-widget-container\">\n\t\t\t\t\t\t\t\t\t\t\t\t\t<img decoding=\"async\" width=\"405\" height=\"442\" src=\"https:\/\/ozonodecolombia.com\/ozono\/wp-content\/uploads\/2020\/02\/Captura-de-pantalla-2020-02-01-a-las-6.55.33-p.-m..png\" class=\"attachment-full size-full wp-image-58\" alt=\"\" srcset=\"https:\/\/ozonodecolombia.com\/ozono\/wp-content\/uploads\/2020\/02\/Captura-de-pantalla-2020-02-01-a-las-6.55.33-p.-m..png 405w, https:\/\/ozonodecolombia.com\/ozono\/wp-content\/uploads\/2020\/02\/Captura-de-pantalla-2020-02-01-a-las-6.55.33-p.-m.-275x300.png 275w\" sizes=\"(max-width: 405px) 100vw, 405px\" \/>\t\t\t\t\t\t\t\t\t\t\t\t\t<\/div>\n\t\t\t\t<\/div>\n\t\t\t\t\t<\/div>\n\t\t<\/div>\n\t\t\t\t\t<\/div>\n\t\t<\/section>\n\t\t\t\t<section class=\"elementor-section elementor-top-section elementor-element elementor-element-f0c3027 elementor-section-boxed elementor-section-height-default elementor-section-height-default\" data-id=\"f0c3027\" data-element_type=\"section\">\n\t\t\t\t\t\t<div class=\"elementor-container elementor-column-gap-default\">\n\t\t\t\t\t<div class=\"elementor-column elementor-col-100 elementor-top-column elementor-element elementor-element-fa6e607\" data-id=\"fa6e607\" data-element_type=\"column\">\n\t\t\t<div class=\"elementor-widget-wrap elementor-element-populated\">\n\t\t\t\t\t\t<div class=\"elementor-element elementor-element-4ce7653 elementor-widget elementor-widget-spacer\" data-id=\"4ce7653\" data-element_type=\"widget\" data-widget_type=\"spacer.default\">\n\t\t\t\t<div class=\"elementor-widget-container\">\n\t\t\t\t\t<div class=\"elementor-spacer\">\n\t\t\t<div class=\"elementor-spacer-inner\"><\/div>\n\t\t<\/div>\n\t\t\t\t<\/div>\n\t\t\t\t<\/div>\n\t\t\t\t\t<\/div>\n\t\t<\/div>\n\t\t\t\t\t<\/div>\n\t\t<\/section>\n\t\t\t\t<section class=\"elementor-section elementor-top-section elementor-element elementor-element-8091859 elementor-section-boxed elementor-section-height-default elementor-section-height-default\" data-id=\"8091859\" data-element_type=\"section\">\n\t\t\t\t\t\t<div class=\"elementor-container elementor-column-gap-default\">\n\t\t\t\t\t<div class=\"elementor-column elementor-col-100 elementor-top-column elementor-element elementor-element-22c51bc\" data-id=\"22c51bc\" data-element_type=\"column\">\n\t\t\t<div class=\"elementor-widget-wrap elementor-element-populated\">\n\t\t\t\t\t\t<div class=\"elementor-element elementor-element-6d652e9 elementor-widget elementor-widget-heading\" data-id=\"6d652e9\" data-element_type=\"widget\" data-widget_type=\"heading.default\">\n\t\t\t\t<div class=\"elementor-widget-container\">\n\t\t\t<h2 class=\"elementor-heading-title elementor-size-default\">Dichos beneficios son:<\/h2>\t\t<\/div>\n\t\t\t\t<\/div>\n\t\t\t\t\t<\/div>\n\t\t<\/div>\n\t\t\t\t\t<\/div>\n\t\t<\/section>\n\t\t\t\t<section class=\"elementor-section elementor-top-section elementor-element elementor-element-5ee7a1f elementor-section-boxed elementor-section-height-default elementor-section-height-default\" data-id=\"5ee7a1f\" data-element_type=\"section\">\n\t\t\t\t\t\t<div class=\"elementor-container elementor-column-gap-default\">\n\t\t\t\t\t<div class=\"elementor-column elementor-col-50 elementor-top-column elementor-element elementor-element-8c9bb8c\" data-id=\"8c9bb8c\" data-element_type=\"column\">\n\t\t\t<div class=\"elementor-widget-wrap elementor-element-populated\">\n\t\t\t\t\t\t<div class=\"elementor-element elementor-element-dac1a42 elementor-widget elementor-widget-image\" data-id=\"dac1a42\" data-element_type=\"widget\" data-widget_type=\"image.default\">\n\t\t\t\t<div class=\"elementor-widget-container\">\n\t\t\t\t\t\t\t\t\t\t\t\t\t<img decoding=\"async\" src=\"https:\/\/ozonodecolombia.com\/ozono\/wp-content\/plugins\/elementor\/assets\/images\/placeholder.png\" title=\"\" alt=\"\" loading=\"lazy\" \/>\t\t\t\t\t\t\t\t\t\t\t\t\t<\/div>\n\t\t\t\t<\/div>\n\t\t\t\t\t<\/div>\n\t\t<\/div>\n\t\t\t\t<div class=\"elementor-column elementor-col-50 elementor-top-column elementor-element elementor-element-28bf6fb\" data-id=\"28bf6fb\" data-element_type=\"column\">\n\t\t\t<div class=\"elementor-widget-wrap elementor-element-populated\">\n\t\t\t\t\t\t<div class=\"elementor-element elementor-element-3f0a08e elementor-widget elementor-widget-text-editor\" data-id=\"3f0a08e\" data-element_type=\"widget\" data-widget_type=\"text-editor.default\">\n\t\t\t\t<div class=\"elementor-widget-container\">\n\t\t\t\t\t\t\t<ul class=\"list0 nls-None\" id=\"u1919-3\"><li id=\"u1919-2\"><span id=\"u1919\">Mayor capacidad de oxigenaci\u00f3n en la sangre y tejidos.<\/span><\/li><li id=\"u1932-2\"><span id=\"u1932\">Poder de alcalinizaci\u00f3n eliminando \u00e1cidos en el organismo.<\/span><\/li><li id=\"u1945-2\"><span id=\"u1945\">Eliminaci\u00f3n de radicales libres. Mayor activaci\u00f3n vascular y estimulaci\u00f3n de la mitocondria, produciendo ox\u00edgeno celular.<\/span><\/li><\/ul>\t\t\t\t\t\t<\/div>\n\t\t\t\t<\/div>\n\t\t\t\t\t<\/div>\n\t\t<\/div>\n\t\t\t\t\t<\/div>\n\t\t<\/section>\n\t\t\t\t<section class=\"elementor-section elementor-top-section elementor-element elementor-element-2cb1735 elementor-section-boxed elementor-section-height-default elementor-section-height-default\" data-id=\"2cb1735\" data-element_type=\"section\">\n\t\t\t\t\t\t<div class=\"elementor-container elementor-column-gap-default\">\n\t\t\t\t\t<div class=\"elementor-column elementor-col-100 elementor-top-column elementor-element elementor-element-a4421d9\" data-id=\"a4421d9\" data-element_type=\"column\">\n\t\t\t<div class=\"elementor-widget-wrap elementor-element-populated\">\n\t\t\t\t\t\t<div class=\"elementor-element elementor-element-e948f28 elementor-widget elementor-widget-spacer\" data-id=\"e948f28\" data-element_type=\"widget\" data-widget_type=\"spacer.default\">\n\t\t\t\t<div class=\"elementor-widget-container\">\n\t\t\t\t\t<div class=\"elementor-spacer\">\n\t\t\t<div class=\"elementor-spacer-inner\"><\/div>\n\t\t<\/div>\n\t\t\t\t<\/div>\n\t\t\t\t<\/div>\n\t\t\t\t\t<\/div>\n\t\t<\/div>\n\t\t\t\t\t<\/div>\n\t\t<\/section>\n\t\t\t\t<section class=\"elementor-section elementor-top-section elementor-element elementor-element-5ff3058 elementor-section-boxed elementor-section-height-default elementor-section-height-default\" data-id=\"5ff3058\" data-element_type=\"section\">\n\t\t\t\t\t\t<div class=\"elementor-container elementor-column-gap-default\">\n\t\t\t\t\t<div class=\"elementor-column elementor-col-100 elementor-top-column elementor-element elementor-element-9152889\" data-id=\"9152889\" data-element_type=\"column\">\n\t\t\t<div class=\"elementor-widget-wrap elementor-element-populated\">\n\t\t\t\t\t\t<div class=\"elementor-element elementor-element-d6588ec elementor-widget elementor-widget-heading\" data-id=\"d6588ec\" data-element_type=\"widget\" data-widget_type=\"heading.default\">\n\t\t\t\t<div class=\"elementor-widget-container\">\n\t\t\t<h2 class=\"elementor-heading-title elementor-size-default\">En el \u00e1rea industrial, genera los siguientes beneficios:<\/h2>\t\t<\/div>\n\t\t\t\t<\/div>\n\t\t\t\t\t<\/div>\n\t\t<\/div>\n\t\t\t\t\t<\/div>\n\t\t<\/section>\n\t\t\t\t<section class=\"elementor-section elementor-top-section elementor-element elementor-element-85cbd5a elementor-section-boxed elementor-section-height-default elementor-section-height-default\" data-id=\"85cbd5a\" data-element_type=\"section\">\n\t\t\t\t\t\t<div class=\"elementor-container elementor-column-gap-default\">\n\t\t\t\t\t<div class=\"elementor-column elementor-col-50 elementor-top-column elementor-element elementor-element-1642610\" data-id=\"1642610\" data-element_type=\"column\">\n\t\t\t<div class=\"elementor-widget-wrap elementor-element-populated\">\n\t\t\t\t\t\t<div class=\"elementor-element elementor-element-55c79ce elementor-widget elementor-widget-text-editor\" data-id=\"55c79ce\" data-element_type=\"widget\" data-widget_type=\"text-editor.default\">\n\t\t\t\t<div class=\"elementor-widget-container\">\n\t\t\t\t\t\t\t<div class=\"slideleft clearfix grpelem animated slideInLeft\" id=\"u1964-4\" data-muse-uid=\"U1964\" data-muse-type=\"txt_frame\" data-ibe-flags=\"txtStyleSrc\"><ul><li id=\"u1964-2\"><span id=\"u1964\">Elimina el 98% de las impurezas del aire, destruye con gran rapidez estreptococos, estafilococos, colibacilos y otros, as\u00ed como las en\u00e9rgicas toxinas difterianas. Seg\u00fan la FDA (Organismo regulador de alimentos y medicamentos en Am\u00e9rica) el ozono acaba con el 99,9992% de todos los pat\u00f3genos.<\/span><\/li><li id=\"u1977-2\"><span id=\"u1977\">Destruye toda clase de olores desagradables, con mayor acci\u00f3n en olores de procedencia org\u00e1nica, sin contaminar el ambiente. (Como el humo del cigarrillo)<\/span><\/li><li><span>Posee un fuerte poder desinfectante que elimina 3.125 veces m\u00e1s r\u00e1pidamente las bacterias que el cloro, tambi\u00e9n virus y protozoos, incluidas Salmonellas spp, reducciones del rotavirus y quistes de Giardia Lamblia en reducciones de m\u00e1s del 99%, incluyendo el virus de la influenza<\/span><\/li><\/ul><\/div><div class=\"fade clip_frame grpelem animated fadeInUp\" id=\"u1954\" data-muse-uid=\"U1954\" data-muse-type=\"img_frame\"><\/div>\t\t\t\t\t\t<\/div>\n\t\t\t\t<\/div>\n\t\t\t\t\t<\/div>\n\t\t<\/div>\n\t\t\t\t<div class=\"elementor-column elementor-col-50 elementor-top-column elementor-element elementor-element-664af1b\" data-id=\"664af1b\" data-element_type=\"column\">\n\t\t\t<div class=\"elementor-widget-wrap elementor-element-populated\">\n\t\t\t\t\t\t<div class=\"elementor-element elementor-element-76277c5 elementor-widget elementor-widget-image\" data-id=\"76277c5\" data-element_type=\"widget\" data-widget_type=\"image.default\">\n\t\t\t\t<div class=\"elementor-widget-container\">\n\t\t\t\t\t\t\t\t\t\t\t\t\t<img decoding=\"async\" src=\"https:\/\/ozonodecolombia.com\/ozono\/wp-content\/plugins\/elementor\/assets\/images\/placeholder.png\" title=\"\" alt=\"\" loading=\"lazy\" \/>\t\t\t\t\t\t\t\t\t\t\t\t\t<\/div>\n\t\t\t\t<\/div>\n\t\t\t\t\t<\/div>\n\t\t<\/div>\n\t\t\t\t\t<\/div>\n\t\t<\/section>\n\t\t\t\t<\/div>\n\t\t","protected":false},"excerpt":{"rendered":"<p>La empresa OZONO DE COLOMBIA, fue fundada en el a\u00f1o 1994 en la ciudad de Cali, (Valle del Cauca) por el Ingeniero M\u00e9dico Juan Carlos Casta\u00f1o Hern\u00e1ndez, quien despu\u00e9s de 15 a\u00f1os de estudios cient\u00edficos, cre\u00f3 y desarroll\u00f3 la pureza del ozono, al cual denomin\u00f3 OZONO M\u00c9DICO CL\u00cdNICO, con una [&hellip;]<\/p>\n","protected":false},"author":1,"featured_media":0,"parent":0,"menu_order":0,"comment_status":"closed","ping_status":"closed","template":"page-templates\/template-pagebuilder-full-width.php","meta":{"footnotes":""},"class_list":["post-28","page","type-page","status-publish","hentry"],"_links":{"self":[{"href":"https:\/\/ozonodecolombia.com\/ozono\/wp-json\/wp\/v2\/pages\/28"}],"collection":[{"href":"https:\/\/ozonodecolombia.com\/ozono\/wp-json\/wp\/v2\/pages"}],"about":[{"href":"https:\/\/ozonodecolombia.com\/ozono\/wp-json\/wp\/v2\/types\/page"}],"author":[{"embeddable":true,"href":"https:\/\/ozonodecolombia.com\/ozono\/wp-json\/wp\/v2\/users\/1"}],"replies":[{"embeddable":true,"href":"https:\/\/ozonodecolombia.com\/ozono\/wp-json\/wp\/v2\/comments?post=28"}],"version-history":[{"count":8,"href":"https:\/\/ozonodecolombia.com\/ozono\/wp-json\/wp\/v2\/pages\/28\/revisions"}],"predecessor-version":[{"id":213,"href":"https:\/\/ozonodecolombia.com\/ozono\/wp-json\/wp\/v2\/pages\/28\/revisions\/213"}],"wp:attachment":[{"href":"https:\/\/ozonodecolombia.com\/ozono\/wp-json\/wp\/v2\/media?parent=28"}],"curies":[{"name":"wp","href":"https:\/\/api.w.org\/{rel}","templated":true}]}}