{"id":136,"date":"2020-02-07T18:14:19","date_gmt":"2020-02-07T18:14:19","guid":{"rendered":"https:\/\/newozono.ozonocolombia.com\/?page_id=136"},"modified":"2020-09-21T23:35:31","modified_gmt":"2020-09-21T23:35:31","slug":"tecnologia","status":"publish","type":"page","link":"https:\/\/ozonodecolombia.com\/ozono\/tecnologia\/","title":{"rendered":"Tecnolog\u00eda"},"content":{"rendered":"\t\t<div data-elementor-type=\"wp-page\" data-elementor-id=\"136\" class=\"elementor elementor-136\">\n\t\t\t\t\t\t<section class=\"elementor-section elementor-top-section elementor-element elementor-element-748df3a elementor-section-full_width elementor-section-height-default elementor-section-height-default\" data-id=\"748df3a\" data-element_type=\"section\">\n\t\t\t\t\t\t<div class=\"elementor-container elementor-column-gap-default\">\n\t\t\t\t\t<div class=\"elementor-column elementor-col-100 elementor-top-column elementor-element elementor-element-278c9f2\" data-id=\"278c9f2\" data-element_type=\"column\">\n\t\t\t<div class=\"elementor-widget-wrap elementor-element-populated\">\n\t\t\t\t\t\t<div class=\"elementor-element elementor-element-e972050 elementor-widget elementor-widget-image\" data-id=\"e972050\" data-element_type=\"widget\" data-widget_type=\"image.default\">\n\t\t\t\t<div class=\"elementor-widget-container\">\n\t\t\t\t\t\t\t\t\t\t\t\t\t<img fetchpriority=\"high\" decoding=\"async\" width=\"1419\" height=\"425\" src=\"https:\/\/ozonodecolombia.com\/ozono\/wp-content\/uploads\/2020\/09\/Baner-1-1.jpg\" class=\"attachment-full size-full wp-image-209\" alt=\"\" srcset=\"https:\/\/ozonodecolombia.com\/ozono\/wp-content\/uploads\/2020\/09\/Baner-1-1.jpg 1419w, https:\/\/ozonodecolombia.com\/ozono\/wp-content\/uploads\/2020\/09\/Baner-1-1-300x90.jpg 300w, https:\/\/ozonodecolombia.com\/ozono\/wp-content\/uploads\/2020\/09\/Baner-1-1-1024x307.jpg 1024w, https:\/\/ozonodecolombia.com\/ozono\/wp-content\/uploads\/2020\/09\/Baner-1-1-768x230.jpg 768w\" sizes=\"(max-width: 1419px) 100vw, 1419px\" \/>\t\t\t\t\t\t\t\t\t\t\t\t\t<\/div>\n\t\t\t\t<\/div>\n\t\t\t\t\t<\/div>\n\t\t<\/div>\n\t\t\t\t\t<\/div>\n\t\t<\/section>\n\t\t\t\t<section class=\"elementor-section elementor-top-section elementor-element elementor-element-08395da elementor-section-boxed elementor-section-height-default elementor-section-height-default\" data-id=\"08395da\" data-element_type=\"section\">\n\t\t\t\t\t\t<div class=\"elementor-container elementor-column-gap-default\">\n\t\t\t\t\t<div class=\"elementor-column elementor-col-100 elementor-top-column elementor-element elementor-element-f0fb41b\" data-id=\"f0fb41b\" data-element_type=\"column\">\n\t\t\t<div class=\"elementor-widget-wrap elementor-element-populated\">\n\t\t\t\t\t\t<div class=\"elementor-element elementor-element-1917a7b elementor-widget elementor-widget-spacer\" data-id=\"1917a7b\" data-element_type=\"widget\" data-widget_type=\"spacer.default\">\n\t\t\t\t<div class=\"elementor-widget-container\">\n\t\t\t\t\t<div class=\"elementor-spacer\">\n\t\t\t<div class=\"elementor-spacer-inner\"><\/div>\n\t\t<\/div>\n\t\t\t\t<\/div>\n\t\t\t\t<\/div>\n\t\t\t\t\t<\/div>\n\t\t<\/div>\n\t\t\t\t\t<\/div>\n\t\t<\/section>\n\t\t\t\t<section class=\"elementor-section elementor-top-section elementor-element elementor-element-8332e66 elementor-section-boxed elementor-section-height-default elementor-section-height-default\" data-id=\"8332e66\" data-element_type=\"section\">\n\t\t\t\t\t\t<div class=\"elementor-container elementor-column-gap-default\">\n\t\t\t\t\t<div class=\"elementor-column elementor-col-50 elementor-top-column elementor-element elementor-element-5492ea7\" data-id=\"5492ea7\" data-element_type=\"column\">\n\t\t\t<div class=\"elementor-widget-wrap elementor-element-populated\">\n\t\t\t\t\t\t<div class=\"elementor-element elementor-element-9afaa57 elementor-widget elementor-widget-image\" data-id=\"9afaa57\" data-element_type=\"widget\" data-widget_type=\"image.default\">\n\t\t\t\t<div class=\"elementor-widget-container\">\n\t\t\t\t\t\t\t\t\t\t\t\t\t<img decoding=\"async\" width=\"750\" height=\"601\" src=\"https:\/\/ozonodecolombia.com\/ozono\/wp-content\/uploads\/2020\/09\/Juan-Carlos-copia-1024x820.png\" class=\"attachment-large size-large wp-image-197\" alt=\"\" srcset=\"https:\/\/ozonodecolombia.com\/ozono\/wp-content\/uploads\/2020\/09\/Juan-Carlos-copia-1024x820.png 1024w, https:\/\/ozonodecolombia.com\/ozono\/wp-content\/uploads\/2020\/09\/Juan-Carlos-copia-300x240.png 300w, https:\/\/ozonodecolombia.com\/ozono\/wp-content\/uploads\/2020\/09\/Juan-Carlos-copia-768x615.png 768w, https:\/\/ozonodecolombia.com\/ozono\/wp-content\/uploads\/2020\/09\/Juan-Carlos-copia.png 1308w\" sizes=\"(max-width: 750px) 100vw, 750px\" \/>\t\t\t\t\t\t\t\t\t\t\t\t\t<\/div>\n\t\t\t\t<\/div>\n\t\t\t\t\t<\/div>\n\t\t<\/div>\n\t\t\t\t<div class=\"elementor-column elementor-col-50 elementor-top-column elementor-element elementor-element-104b558\" data-id=\"104b558\" data-element_type=\"column\">\n\t\t\t<div class=\"elementor-widget-wrap elementor-element-populated\">\n\t\t\t\t\t\t<div class=\"elementor-element elementor-element-7d69ffb elementor-widget elementor-widget-text-editor\" data-id=\"7d69ffb\" data-element_type=\"widget\" data-widget_type=\"text-editor.default\">\n\t\t\t\t<div class=\"elementor-widget-container\">\n\t\t\t\t\t\t\t<p>El Ingeniero M\u00e9dico <span><b>Juan Carlos Casta\u00f1o Hern\u00e1ndez<\/b><\/span>, despu\u00e9s de 20<span class=\"Apple-converted-space\">\u00a0 <\/span>a\u00f1os de investigaci\u00f3n y estudios cient\u00edficos, desarroll\u00f3 la pureza del<span class=\"Apple-converted-space\">\u00a0 <\/span>ozono, al cual denomin\u00f3 <span><b>OZONO M\u00c9DICO CL\u00cdNICO<\/b><\/span>, con una tecnolog\u00eda<span class=\"Apple-converted-space\">\u00a0 <\/span>\u00fanica en el mundo que se caracteriza por la efectividad y rapidez en los<span class=\"Apple-converted-space\">\u00a0 <\/span>tiempos de respuesta, tanto en el manejo de diferentes patolog\u00edas en el<span class=\"Apple-converted-space\">\u00a0 <\/span>\u00e1rea m\u00e9dica como en sus aplicaciones en el \u00e1rea industrial para la<span class=\"Apple-converted-space\">\u00a0 <\/span>desinfecci\u00f3n de alto nivel por v\u00eda aer\u00f3bica o acuosa.<\/p>\n<p>Debido a su pureza, el <span><b>OZONO M\u00c9DICO CL\u00cdNICO<\/b><\/span> posee propiedades<span class=\"Apple-converted-space\">\u00a0 <\/span>especiales, las cuales se diferencian a las manejadas a trav\u00e9s de los<span class=\"Apple-converted-space\">\u00a0 <\/span>dispositivos que se fabrican y utilizan en diferentes pa\u00edses, ya que estos<span class=\"Apple-converted-space\">\u00a0 <\/span>producen \u201cOzono Industrial\u201d.<\/p>\t\t\t\t\t\t<\/div>\n\t\t\t\t<\/div>\n\t\t\t\t\t<\/div>\n\t\t<\/div>\n\t\t\t\t\t<\/div>\n\t\t<\/section>\n\t\t\t\t<section class=\"elementor-section elementor-top-section elementor-element elementor-element-01e88a6 elementor-section-boxed elementor-section-height-default elementor-section-height-default\" data-id=\"01e88a6\" data-element_type=\"section\">\n\t\t\t\t\t\t<div class=\"elementor-container elementor-column-gap-default\">\n\t\t\t\t\t<div class=\"elementor-column elementor-col-100 elementor-top-column elementor-element elementor-element-027bc0f\" data-id=\"027bc0f\" data-element_type=\"column\">\n\t\t\t<div class=\"elementor-widget-wrap elementor-element-populated\">\n\t\t\t\t\t\t<div class=\"elementor-element elementor-element-d67f9ca elementor-widget elementor-widget-spacer\" data-id=\"d67f9ca\" data-element_type=\"widget\" data-widget_type=\"spacer.default\">\n\t\t\t\t<div class=\"elementor-widget-container\">\n\t\t\t\t\t<div class=\"elementor-spacer\">\n\t\t\t<div class=\"elementor-spacer-inner\"><\/div>\n\t\t<\/div>\n\t\t\t\t<\/div>\n\t\t\t\t<\/div>\n\t\t\t\t\t<\/div>\n\t\t<\/div>\n\t\t\t\t\t<\/div>\n\t\t<\/section>\n\t\t\t\t<section class=\"elementor-section elementor-top-section elementor-element elementor-element-1c8f0ca elementor-section-boxed elementor-section-height-default elementor-section-height-default\" data-id=\"1c8f0ca\" data-element_type=\"section\">\n\t\t\t\t\t\t<div class=\"elementor-container elementor-column-gap-default\">\n\t\t\t\t\t<div class=\"elementor-column elementor-col-50 elementor-top-column elementor-element elementor-element-0ce5722\" data-id=\"0ce5722\" data-element_type=\"column\">\n\t\t\t<div class=\"elementor-widget-wrap elementor-element-populated\">\n\t\t\t\t\t\t<div class=\"elementor-element elementor-element-762b19c elementor-widget elementor-widget-text-editor\" data-id=\"762b19c\" data-element_type=\"widget\" data-widget_type=\"text-editor.default\">\n\t\t\t\t<div class=\"elementor-widget-container\">\n\t\t\t\t\t\t\t<p>Est\u00e1 especialmente indicada su instalaci\u00f3n en ductos que esparzan su<span class=\"Apple-converted-space\">\u00a0 <\/span>acci\u00f3n a trav\u00e9s de todo el edificio, no solo para que su propagaci\u00f3n sea<span class=\"Apple-converted-space\">\u00a0 <\/span>m\u00e1s efectiva, sino para conseguir con ello la limpieza de conductos que<span class=\"Apple-converted-space\">\u00a0 <\/span>presentan unas renovaciones muy escasas o nulas y que son objeto de<span class=\"Apple-converted-space\">\u00a0 <\/span>poca limpieza.<\/p>\n<p>Mediante la colocaci\u00f3n de nuestro equipo de Bioseguridad generador de<span class=\"Apple-converted-space\">\u00a0 <\/span><b>OZONO M\u00c9DICO CL\u00cdNICO<\/b> completamente automatizado llegaremos a<span class=\"Apple-converted-space\">\u00a0 <\/span>todas esas estancias donde est\u00e9 presente el sistema de ventilaci\u00f3n.<\/p>\n<p>Una vez cumplida su acci\u00f3n, el ambiente ozonizado se<span class=\"Apple-converted-space\">\u00a0 <\/span>tornar\u00e1<span class=\"Apple-converted-space\">\u00a0 <\/span>refrescante, libre de olores no deseados, purificando y beneficiando el<span class=\"Apple-converted-space\">\u00a0 <\/span>lugar de trabajo, junto con las ventajas que generan para los usuarios y<span class=\"Apple-converted-space\">\u00a0 <\/span>siempre bajo la premisa de utilizar un producto ecol\u00f3gico.<\/p>\t\t\t\t\t\t<\/div>\n\t\t\t\t<\/div>\n\t\t\t\t\t<\/div>\n\t\t<\/div>\n\t\t\t\t<div class=\"elementor-column elementor-col-50 elementor-top-column elementor-element elementor-element-2c72c06\" data-id=\"2c72c06\" data-element_type=\"column\">\n\t\t\t<div class=\"elementor-widget-wrap elementor-element-populated\">\n\t\t\t\t\t\t<div class=\"elementor-element elementor-element-65b938c elementor-widget elementor-widget-image\" data-id=\"65b938c\" data-element_type=\"widget\" data-widget_type=\"image.default\">\n\t\t\t\t<div class=\"elementor-widget-container\">\n\t\t\t\t\t\t\t\t\t\t\t\t\t<img decoding=\"async\" width=\"750\" height=\"601\" src=\"https:\/\/ozonodecolombia.com\/ozono\/wp-content\/uploads\/2020\/09\/Chip-Ozono-1024x820.png\" class=\"attachment-large size-large wp-image-189\" alt=\"\" srcset=\"https:\/\/ozonodecolombia.com\/ozono\/wp-content\/uploads\/2020\/09\/Chip-Ozono-1024x820.png 1024w, https:\/\/ozonodecolombia.com\/ozono\/wp-content\/uploads\/2020\/09\/Chip-Ozono-300x240.png 300w, https:\/\/ozonodecolombia.com\/ozono\/wp-content\/uploads\/2020\/09\/Chip-Ozono-768x615.png 768w, https:\/\/ozonodecolombia.com\/ozono\/wp-content\/uploads\/2020\/09\/Chip-Ozono.png 1308w\" sizes=\"(max-width: 750px) 100vw, 750px\" \/>\t\t\t\t\t\t\t\t\t\t\t\t\t<\/div>\n\t\t\t\t<\/div>\n\t\t\t\t\t<\/div>\n\t\t<\/div>\n\t\t\t\t\t<\/div>\n\t\t<\/section>\n\t\t\t\t<section class=\"elementor-section elementor-top-section elementor-element elementor-element-f49b807 elementor-section-boxed elementor-section-height-default elementor-section-height-default\" data-id=\"f49b807\" data-element_type=\"section\">\n\t\t\t\t\t\t<div class=\"elementor-container elementor-column-gap-default\">\n\t\t\t\t\t<div class=\"elementor-column elementor-col-100 elementor-top-column elementor-element elementor-element-a4c80e9\" data-id=\"a4c80e9\" data-element_type=\"column\">\n\t\t\t<div class=\"elementor-widget-wrap elementor-element-populated\">\n\t\t\t\t\t\t<div class=\"elementor-element elementor-element-ebca5b1 elementor-widget elementor-widget-spacer\" data-id=\"ebca5b1\" data-element_type=\"widget\" data-widget_type=\"spacer.default\">\n\t\t\t\t<div class=\"elementor-widget-container\">\n\t\t\t\t\t<div class=\"elementor-spacer\">\n\t\t\t<div class=\"elementor-spacer-inner\"><\/div>\n\t\t<\/div>\n\t\t\t\t<\/div>\n\t\t\t\t<\/div>\n\t\t\t\t\t<\/div>\n\t\t<\/div>\n\t\t\t\t\t<\/div>\n\t\t<\/section>\n\t\t\t\t<section class=\"elementor-section elementor-top-section elementor-element elementor-element-249819b elementor-section-boxed elementor-section-height-default elementor-section-height-default\" data-id=\"249819b\" data-element_type=\"section\">\n\t\t\t\t\t\t<div class=\"elementor-container elementor-column-gap-default\">\n\t\t\t\t\t<div class=\"elementor-column elementor-col-100 elementor-top-column elementor-element elementor-element-6578c71\" data-id=\"6578c71\" data-element_type=\"column\">\n\t\t\t<div class=\"elementor-widget-wrap elementor-element-populated\">\n\t\t\t\t\t\t<div class=\"elementor-element elementor-element-e693e12 elementor-widget elementor-widget-video\" data-id=\"e693e12\" data-element_type=\"widget\" data-settings=\"{&quot;youtube_url&quot;:&quot;https:\\\/\\\/www.youtube.com\\\/watch?v=T43MgDkGcdw&amp;t=8s&quot;,&quot;video_type&quot;:&quot;youtube&quot;,&quot;controls&quot;:&quot;yes&quot;}\" data-widget_type=\"video.default\">\n\t\t\t\t<div class=\"elementor-widget-container\">\n\t\t\t\t\t<div class=\"elementor-wrapper elementor-open-inline\">\n\t\t\t<div class=\"elementor-video\"><\/div>\t\t<\/div>\n\t\t\t\t<\/div>\n\t\t\t\t<\/div>\n\t\t\t\t\t<\/div>\n\t\t<\/div>\n\t\t\t\t\t<\/div>\n\t\t<\/section>\n\t\t\t\t<\/div>\n\t\t","protected":false},"excerpt":{"rendered":"<p>El Ingeniero M\u00e9dico Juan Carlos Casta\u00f1o Hern\u00e1ndez, despu\u00e9s de 20\u00a0 a\u00f1os de investigaci\u00f3n y estudios cient\u00edficos, desarroll\u00f3 la pureza del\u00a0 ozono, al cual denomin\u00f3 OZONO M\u00c9DICO CL\u00cdNICO, con una tecnolog\u00eda\u00a0 \u00fanica en el mundo que se caracteriza por la efectividad y rapidez en los\u00a0 tiempos de respuesta, tanto en el [&hellip;]<\/p>\n","protected":false},"author":1,"featured_media":0,"parent":0,"menu_order":0,"comment_status":"closed","ping_status":"closed","template":"elementor_header_footer","meta":{"footnotes":""},"class_list":["post-136","page","type-page","status-publish","hentry"],"_links":{"self":[{"href":"https:\/\/ozonodecolombia.com\/ozono\/wp-json\/wp\/v2\/pages\/136"}],"collection":[{"href":"https:\/\/ozonodecolombia.com\/ozono\/wp-json\/wp\/v2\/pages"}],"about":[{"href":"https:\/\/ozonodecolombia.com\/ozono\/wp-json\/wp\/v2\/types\/page"}],"author":[{"embeddable":true,"href":"https:\/\/ozonodecolombia.com\/ozono\/wp-json\/wp\/v2\/users\/1"}],"replies":[{"embeddable":true,"href":"https:\/\/ozonodecolombia.com\/ozono\/wp-json\/wp\/v2\/comments?post=136"}],"version-history":[{"count":10,"href":"https:\/\/ozonodecolombia.com\/ozono\/wp-json\/wp\/v2\/pages\/136\/revisions"}],"predecessor-version":[{"id":253,"href":"https:\/\/ozonodecolombia.com\/ozono\/wp-json\/wp\/v2\/pages\/136\/revisions\/253"}],"wp:attachment":[{"href":"https:\/\/ozonodecolombia.com\/ozono\/wp-json\/wp\/v2\/media?parent=136"}],"curies":[{"name":"wp","href":"https:\/\/api.w.org\/{rel}","templated":true}]}}