{"id":13,"date":"2020-02-01T23:10:12","date_gmt":"2020-02-01T23:10:12","guid":{"rendered":"https:\/\/newozono.ozonocolombia.com\/?page_id=13"},"modified":"2020-09-21T23:59:09","modified_gmt":"2020-09-21T23:59:09","slug":"inicio","status":"publish","type":"page","link":"https:\/\/ozonodecolombia.com\/ozono\/","title":{"rendered":"Inicio"},"content":{"rendered":"\t\t<div data-elementor-type=\"wp-page\" data-elementor-id=\"13\" class=\"elementor elementor-13\">\n\t\t\t\t\t\t<section class=\"elementor-section elementor-top-section elementor-element elementor-element-801bb0e elementor-section-stretched elementor-section-full_width elementor-section-height-default elementor-section-height-default\" data-id=\"801bb0e\" data-element_type=\"section\" data-settings=\"{&quot;stretch_section&quot;:&quot;section-stretched&quot;}\">\n\t\t\t\t\t\t<div class=\"elementor-container elementor-column-gap-default\">\n\t\t\t\t\t<div class=\"elementor-column elementor-col-100 elementor-top-column elementor-element elementor-element-a401a1b\" data-id=\"a401a1b\" data-element_type=\"column\">\n\t\t\t<div class=\"elementor-widget-wrap elementor-element-populated\">\n\t\t\t\t\t\t\t<\/div>\n\t\t<\/div>\n\t\t\t\t\t<\/div>\n\t\t<\/section>\n\t\t\t\t<section class=\"elementor-section elementor-top-section elementor-element elementor-element-4ae7768 elementor-section-boxed elementor-section-height-default elementor-section-height-default\" data-id=\"4ae7768\" data-element_type=\"section\">\n\t\t\t\t\t\t<div class=\"elementor-container elementor-column-gap-default\">\n\t\t\t\t\t<div class=\"elementor-column elementor-col-50 elementor-top-column elementor-element elementor-element-18863af\" data-id=\"18863af\" data-element_type=\"column\">\n\t\t\t<div class=\"elementor-widget-wrap elementor-element-populated\">\n\t\t\t\t\t\t<div class=\"elementor-element elementor-element-a09dd4c elementor-widget elementor-widget-text-editor\" data-id=\"a09dd4c\" data-element_type=\"widget\" data-widget_type=\"text-editor.default\">\n\t\t\t\t<div class=\"elementor-widget-container\">\n\t\t\t\t\t\t\t<p id=\"u531-5\"><strong>OZONO DE COLOMBIA<\/strong> se cre\u00f3 con el compromiso de brindar soluciones integrales y servicios de alta calidad a sus clientes en el campo de la Salud y la Industria, con el Dise\u00f1o, Fabricaci\u00f3n, Mantenimiento y Comercializaci\u00f3n de Equipos M\u00e9dicos y tecnolog\u00edas de desinfecci\u00f3n de alto nivel generadoras de Ozono M\u00e9dico Cl\u00ednico y con el apoyo personalizado a cada uno de sus clientes teniendo en cuenta el profesionalismo de su recurso humano.<\/p>\t\t\t\t\t\t<\/div>\n\t\t\t\t<\/div>\n\t\t\t\t\t<\/div>\n\t\t<\/div>\n\t\t\t\t<div class=\"elementor-column elementor-col-50 elementor-top-column elementor-element elementor-element-9d84865\" data-id=\"9d84865\" data-element_type=\"column\">\n\t\t\t<div class=\"elementor-widget-wrap elementor-element-populated\">\n\t\t\t\t\t\t<div class=\"elementor-element elementor-element-0fa6600 elementor-widget elementor-widget-image\" data-id=\"0fa6600\" data-element_type=\"widget\" data-widget_type=\"image.default\">\n\t\t\t\t<div class=\"elementor-widget-container\">\n\t\t\t\t\t\t\t\t\t\t\t\t\t<img fetchpriority=\"high\" decoding=\"async\" width=\"357\" height=\"195\" src=\"https:\/\/ozonodecolombia.com\/ozono\/wp-content\/uploads\/2020\/02\/ozono.png\" class=\"attachment-full size-full wp-image-41\" alt=\"\" srcset=\"https:\/\/ozonodecolombia.com\/ozono\/wp-content\/uploads\/2020\/02\/ozono.png 357w, https:\/\/ozonodecolombia.com\/ozono\/wp-content\/uploads\/2020\/02\/ozono-300x164.png 300w\" sizes=\"(max-width: 357px) 100vw, 357px\" \/>\t\t\t\t\t\t\t\t\t\t\t\t\t<\/div>\n\t\t\t\t<\/div>\n\t\t\t\t\t<\/div>\n\t\t<\/div>\n\t\t\t\t\t<\/div>\n\t\t<\/section>\n\t\t\t\t<section class=\"elementor-section elementor-top-section elementor-element elementor-element-da0642f elementor-section-boxed elementor-section-height-default elementor-section-height-default\" data-id=\"da0642f\" data-element_type=\"section\">\n\t\t\t\t\t\t<div class=\"elementor-container elementor-column-gap-default\">\n\t\t\t\t\t<div class=\"elementor-column elementor-col-50 elementor-top-column elementor-element elementor-element-6350e1f\" data-id=\"6350e1f\" data-element_type=\"column\">\n\t\t\t<div class=\"elementor-widget-wrap elementor-element-populated\">\n\t\t\t\t\t\t<div class=\"elementor-element elementor-element-4d52cfd elementor-widget elementor-widget-image\" data-id=\"4d52cfd\" data-element_type=\"widget\" data-widget_type=\"image.default\">\n\t\t\t\t<div class=\"elementor-widget-container\">\n\t\t\t\t\t\t\t\t\t\t\t\t\t<img decoding=\"async\" width=\"750\" height=\"783\" src=\"https:\/\/ozonodecolombia.com\/ozono\/wp-content\/uploads\/2020\/02\/Publicacion-2-981x1024.jpg\" class=\"attachment-large size-large wp-image-150\" alt=\"\" srcset=\"https:\/\/ozonodecolombia.com\/ozono\/wp-content\/uploads\/2020\/02\/Publicacion-2-981x1024.jpg 981w, https:\/\/ozonodecolombia.com\/ozono\/wp-content\/uploads\/2020\/02\/Publicacion-2-287x300.jpg 287w, https:\/\/ozonodecolombia.com\/ozono\/wp-content\/uploads\/2020\/02\/Publicacion-2-768x802.jpg 768w, https:\/\/ozonodecolombia.com\/ozono\/wp-content\/uploads\/2020\/02\/Publicacion-2-1471x1536.jpg 1471w, https:\/\/ozonodecolombia.com\/ozono\/wp-content\/uploads\/2020\/02\/Publicacion-2.jpg 1798w\" sizes=\"(max-width: 750px) 100vw, 750px\" \/>\t\t\t\t\t\t\t\t\t\t\t\t\t<\/div>\n\t\t\t\t<\/div>\n\t\t\t\t\t<\/div>\n\t\t<\/div>\n\t\t\t\t<div class=\"elementor-column elementor-col-50 elementor-top-column elementor-element elementor-element-0b6163e\" data-id=\"0b6163e\" data-element_type=\"column\">\n\t\t\t<div class=\"elementor-widget-wrap elementor-element-populated\">\n\t\t\t\t\t\t<div class=\"elementor-element elementor-element-67fde78 elementor-widget elementor-widget-image\" data-id=\"67fde78\" data-element_type=\"widget\" data-widget_type=\"image.default\">\n\t\t\t\t<div class=\"elementor-widget-container\">\n\t\t\t\t\t\t\t\t\t\t\t\t\t<img decoding=\"async\" width=\"750\" height=\"785\" src=\"https:\/\/ozonodecolombia.com\/ozono\/wp-content\/uploads\/2020\/02\/Publicacion-1-978x1024.jpg\" class=\"attachment-large size-large wp-image-149\" alt=\"\" srcset=\"https:\/\/ozonodecolombia.com\/ozono\/wp-content\/uploads\/2020\/02\/Publicacion-1-978x1024.jpg 978w, https:\/\/ozonodecolombia.com\/ozono\/wp-content\/uploads\/2020\/02\/Publicacion-1-286x300.jpg 286w, https:\/\/ozonodecolombia.com\/ozono\/wp-content\/uploads\/2020\/02\/Publicacion-1-768x804.jpg 768w, https:\/\/ozonodecolombia.com\/ozono\/wp-content\/uploads\/2020\/02\/Publicacion-1-1467x1536.jpg 1467w, https:\/\/ozonodecolombia.com\/ozono\/wp-content\/uploads\/2020\/02\/Publicacion-1.jpg 1798w\" sizes=\"(max-width: 750px) 100vw, 750px\" \/>\t\t\t\t\t\t\t\t\t\t\t\t\t<\/div>\n\t\t\t\t<\/div>\n\t\t\t\t\t<\/div>\n\t\t<\/div>\n\t\t\t\t\t<\/div>\n\t\t<\/section>\n\t\t\t\t<section class=\"elementor-section elementor-top-section elementor-element elementor-element-d4a0b30 elementor-section-boxed elementor-section-height-default elementor-section-height-default\" data-id=\"d4a0b30\" data-element_type=\"section\">\n\t\t\t\t\t\t<div class=\"elementor-container elementor-column-gap-default\">\n\t\t\t\t\t<div class=\"elementor-column elementor-col-100 elementor-top-column elementor-element elementor-element-c38fb4f\" data-id=\"c38fb4f\" data-element_type=\"column\">\n\t\t\t<div class=\"elementor-widget-wrap elementor-element-populated\">\n\t\t\t\t\t\t<div class=\"elementor-element elementor-element-3aa9c70 elementor-widget elementor-widget-spacer\" data-id=\"3aa9c70\" data-element_type=\"widget\" data-widget_type=\"spacer.default\">\n\t\t\t\t<div class=\"elementor-widget-container\">\n\t\t\t\t\t<div class=\"elementor-spacer\">\n\t\t\t<div class=\"elementor-spacer-inner\"><\/div>\n\t\t<\/div>\n\t\t\t\t<\/div>\n\t\t\t\t<\/div>\n\t\t\t\t\t<\/div>\n\t\t<\/div>\n\t\t\t\t\t<\/div>\n\t\t<\/section>\n\t\t\t\t<section class=\"elementor-section elementor-top-section elementor-element elementor-element-a561d80 elementor-section-boxed elementor-section-height-default elementor-section-height-default\" data-id=\"a561d80\" data-element_type=\"section\">\n\t\t\t\t\t\t<div class=\"elementor-container elementor-column-gap-default\">\n\t\t\t\t\t<div class=\"elementor-column elementor-col-50 elementor-top-column elementor-element elementor-element-4596392\" data-id=\"4596392\" data-element_type=\"column\">\n\t\t\t<div class=\"elementor-widget-wrap elementor-element-populated\">\n\t\t\t\t\t\t<div class=\"elementor-element elementor-element-d7c80e5 elementor-widget elementor-widget-text-editor\" data-id=\"d7c80e5\" data-element_type=\"widget\" data-widget_type=\"text-editor.default\">\n\t\t\t\t<div class=\"elementor-widget-container\">\n\t\t\t\t\t\t\t<p id=\"u599-2\"><strong>JUAN CARLOS CASTA\u00d1O H<\/strong><\/p><p id=\"u599-6\">Ingeniero Electr\u00f3nico<\/p><p id=\"u599-8\">Universidad de Zulia<\/p><p id=\"u599-10\">Venezuela Ozonoterapia<\/p><p id=\"u599-12\">M\u00e9dico Cl\u00ednica Ingeniero<\/p><p id=\"u599-14\">M\u00e9dico Universidad de Berna<\/p><p id=\"u599-16\">(Suiza)<\/p>\t\t\t\t\t\t<\/div>\n\t\t\t\t<\/div>\n\t\t\t\t\t<\/div>\n\t\t<\/div>\n\t\t\t\t<div class=\"elementor-column elementor-col-50 elementor-top-column elementor-element elementor-element-67c20dd\" data-id=\"67c20dd\" data-element_type=\"column\">\n\t\t\t<div class=\"elementor-widget-wrap elementor-element-populated\">\n\t\t\t\t\t\t<div class=\"elementor-element elementor-element-8925a22 elementor-widget elementor-widget-image\" data-id=\"8925a22\" data-element_type=\"widget\" data-widget_type=\"image.default\">\n\t\t\t\t<div class=\"elementor-widget-container\">\n\t\t\t\t\t\t\t\t\t\t\t\t\t<img loading=\"lazy\" decoding=\"async\" width=\"750\" height=\"601\" src=\"https:\/\/ozonodecolombia.com\/ozono\/wp-content\/uploads\/2020\/09\/Juan-Carlos-1024x820.png\" class=\"attachment-large size-large wp-image-188\" alt=\"\" srcset=\"https:\/\/ozonodecolombia.com\/ozono\/wp-content\/uploads\/2020\/09\/Juan-Carlos-1024x820.png 1024w, https:\/\/ozonodecolombia.com\/ozono\/wp-content\/uploads\/2020\/09\/Juan-Carlos-300x240.png 300w, https:\/\/ozonodecolombia.com\/ozono\/wp-content\/uploads\/2020\/09\/Juan-Carlos-768x615.png 768w, https:\/\/ozonodecolombia.com\/ozono\/wp-content\/uploads\/2020\/09\/Juan-Carlos.png 1308w\" sizes=\"(max-width: 750px) 100vw, 750px\" \/>\t\t\t\t\t\t\t\t\t\t\t\t\t<\/div>\n\t\t\t\t<\/div>\n\t\t\t\t\t<\/div>\n\t\t<\/div>\n\t\t\t\t\t<\/div>\n\t\t<\/section>\n\t\t\t\t<section class=\"elementor-section elementor-top-section elementor-element elementor-element-955bb4d elementor-section-boxed elementor-section-height-default elementor-section-height-default\" data-id=\"955bb4d\" data-element_type=\"section\">\n\t\t\t\t\t\t<div class=\"elementor-container elementor-column-gap-default\">\n\t\t\t\t\t<div class=\"elementor-column elementor-col-100 elementor-top-column elementor-element elementor-element-359504b\" data-id=\"359504b\" data-element_type=\"column\">\n\t\t\t<div class=\"elementor-widget-wrap elementor-element-populated\">\n\t\t\t\t\t\t<div class=\"elementor-element elementor-element-4465ba0 elementor-widget elementor-widget-spacer\" data-id=\"4465ba0\" data-element_type=\"widget\" data-widget_type=\"spacer.default\">\n\t\t\t\t<div class=\"elementor-widget-container\">\n\t\t\t\t\t<div class=\"elementor-spacer\">\n\t\t\t<div class=\"elementor-spacer-inner\"><\/div>\n\t\t<\/div>\n\t\t\t\t<\/div>\n\t\t\t\t<\/div>\n\t\t\t\t\t<\/div>\n\t\t<\/div>\n\t\t\t\t\t<\/div>\n\t\t<\/section>\n\t\t\t\t<section class=\"elementor-section elementor-top-section elementor-element elementor-element-4d5766e elementor-section-boxed elementor-section-height-default elementor-section-height-default\" data-id=\"4d5766e\" data-element_type=\"section\">\n\t\t\t\t\t\t\t<div class=\"elementor-background-overlay\"><\/div>\n\t\t\t\t\t\t\t<div class=\"elementor-container elementor-column-gap-default\">\n\t\t\t\t\t<div class=\"elementor-column elementor-col-50 elementor-top-column elementor-element elementor-element-4d28010\" data-id=\"4d28010\" data-element_type=\"column\">\n\t\t\t<div class=\"elementor-widget-wrap elementor-element-populated\">\n\t\t\t\t\t\t<div class=\"elementor-element elementor-element-c3dc2b1 elementor-widget elementor-widget-text-editor\" data-id=\"c3dc2b1\" data-element_type=\"widget\" data-widget_type=\"text-editor.default\">\n\t\t\t\t<div class=\"elementor-widget-container\">\n\t\t\t\t\t\t\t<p style=\"text-align: center;\">\u201cLa acci\u00f3n depuradora, m\u00e1s la acci\u00f3n germicida y<span class=\"Apple-converted-space\">\u00a0 <\/span>la estimulaci\u00f3n de la circulaci\u00f3n en seres vivos,<span class=\"Apple-converted-space\">\u00a0 <\/span>confieren al <span><b>OZONO MEDICO CL\u00cdNICO <\/b><\/span>producido<span class=\"Apple-converted-space\">\u00a0 <\/span>por nuestros equipos propiedades \u00fanicas,<span class=\"Apple-converted-space\">\u00a0 <\/span>beneficiosas para la salud y para el medio<span class=\"Apple-converted-space\">\u00a0 <\/span>ambiente\u201d<\/p>\t\t\t\t\t\t<\/div>\n\t\t\t\t<\/div>\n\t\t\t\t\t<\/div>\n\t\t<\/div>\n\t\t\t\t<div class=\"elementor-column elementor-col-50 elementor-top-column elementor-element elementor-element-ad430a6\" data-id=\"ad430a6\" data-element_type=\"column\">\n\t\t\t<div class=\"elementor-widget-wrap elementor-element-populated\">\n\t\t\t\t\t\t<div class=\"elementor-element elementor-element-de547dd elementor-widget elementor-widget-image\" data-id=\"de547dd\" data-element_type=\"widget\" data-widget_type=\"image.default\">\n\t\t\t\t<div class=\"elementor-widget-container\">\n\t\t\t\t\t\t\t\t\t\t\t\t\t<img loading=\"lazy\" decoding=\"async\" width=\"2219\" height=\"1342\" src=\"https:\/\/ozonodecolombia.com\/ozono\/wp-content\/uploads\/2020\/09\/Logo-Ozono-de-Colombia-Blanco1-copia.png\" class=\"attachment-full size-full wp-image-200\" alt=\"\" srcset=\"https:\/\/ozonodecolombia.com\/ozono\/wp-content\/uploads\/2020\/09\/Logo-Ozono-de-Colombia-Blanco1-copia.png 2219w, https:\/\/ozonodecolombia.com\/ozono\/wp-content\/uploads\/2020\/09\/Logo-Ozono-de-Colombia-Blanco1-copia-300x181.png 300w, https:\/\/ozonodecolombia.com\/ozono\/wp-content\/uploads\/2020\/09\/Logo-Ozono-de-Colombia-Blanco1-copia-1024x619.png 1024w, https:\/\/ozonodecolombia.com\/ozono\/wp-content\/uploads\/2020\/09\/Logo-Ozono-de-Colombia-Blanco1-copia-768x464.png 768w, https:\/\/ozonodecolombia.com\/ozono\/wp-content\/uploads\/2020\/09\/Logo-Ozono-de-Colombia-Blanco1-copia-1536x929.png 1536w, https:\/\/ozonodecolombia.com\/ozono\/wp-content\/uploads\/2020\/09\/Logo-Ozono-de-Colombia-Blanco1-copia-2048x1239.png 2048w\" sizes=\"(max-width: 2219px) 100vw, 2219px\" \/>\t\t\t\t\t\t\t\t\t\t\t\t\t<\/div>\n\t\t\t\t<\/div>\n\t\t\t\t\t<\/div>\n\t\t<\/div>\n\t\t\t\t\t<\/div>\n\t\t<\/section>\n\t\t\t\t<\/div>\n\t\t","protected":false},"excerpt":{"rendered":"<p>OZONO DE COLOMBIA se cre\u00f3 con el compromiso de brindar soluciones integrales y servicios de alta calidad a sus clientes en el campo de la Salud y la Industria, con el Dise\u00f1o, Fabricaci\u00f3n, Mantenimiento y Comercializaci\u00f3n de Equipos M\u00e9dicos y tecnolog\u00edas de desinfecci\u00f3n de alto nivel generadoras de Ozono M\u00e9dico [&hellip;]<\/p>\n","protected":false},"author":1,"featured_media":112,"parent":0,"menu_order":0,"comment_status":"closed","ping_status":"closed","template":"","meta":{"footnotes":""},"class_list":["post-13","page","type-page","status-publish","has-post-thumbnail","hentry"],"_links":{"self":[{"href":"https:\/\/ozonodecolombia.com\/ozono\/wp-json\/wp\/v2\/pages\/13"}],"collection":[{"href":"https:\/\/ozonodecolombia.com\/ozono\/wp-json\/wp\/v2\/pages"}],"about":[{"href":"https:\/\/ozonodecolombia.com\/ozono\/wp-json\/wp\/v2\/types\/page"}],"author":[{"embeddable":true,"href":"https:\/\/ozonodecolombia.com\/ozono\/wp-json\/wp\/v2\/users\/1"}],"replies":[{"embeddable":true,"href":"https:\/\/ozonodecolombia.com\/ozono\/wp-json\/wp\/v2\/comments?post=13"}],"version-history":[{"count":19,"href":"https:\/\/ozonodecolombia.com\/ozono\/wp-json\/wp\/v2\/pages\/13\/revisions"}],"predecessor-version":[{"id":265,"href":"https:\/\/ozonodecolombia.com\/ozono\/wp-json\/wp\/v2\/pages\/13\/revisions\/265"}],"wp:featuredmedia":[{"embeddable":true,"href":"https:\/\/ozonodecolombia.com\/ozono\/wp-json\/wp\/v2\/media\/112"}],"wp:attachment":[{"href":"https:\/\/ozonodecolombia.com\/ozono\/wp-json\/wp\/v2\/media?parent=13"}],"curies":[{"name":"wp","href":"https:\/\/api.w.org\/{rel}","templated":true}]}}